{"id":1287,"date":"2016-11-25T22:57:09","date_gmt":"2016-11-25T22:57:09","guid":{"rendered":"https:\/\/salvadorpalomares.es\/ca\/?page_id=1287"},"modified":"2017-10-17T13:46:56","modified_gmt":"2017-10-17T13:46:56","slug":"llicencies-dobertura-i-ambientals","status":"publish","type":"page","link":"https:\/\/salvadorpalomares.es\/ca\/llicencies-dobertura-i-ambientals\/","title":{"rendered":"Llic\u00e8ncies d&#8217;obertura i ambientals"},"content":{"rendered":"<p>[et_pb_section bb_built=&#8221;1&#8243; admin_label=&#8221;section&#8221; background_image=&#8221;https:\/\/salvadorpalomares.es\/wp-content\/uploads\/2016\/11\/Consum-Alcantara-del-Xuquer-2.jpg&#8221; transparent_background=&#8221;off&#8221; allow_player_pause=&#8221;off&#8221; inner_shadow=&#8221;off&#8221; parallax=&#8221;off&#8221; parallax_method=&#8221;on&#8221; custom_padding=&#8221;124px|0px|130px|0px&#8221; padding_mobile=&#8221;off&#8221; make_fullwidth=&#8221;off&#8221; use_custom_width=&#8221;off&#8221; width_unit=&#8221;off&#8221; custom_width_px=&#8221;1080px&#8221; custom_width_percent=&#8221;80%&#8221; make_equal=&#8221;off&#8221; use_custom_gutter=&#8221;off&#8221; fullwidth=&#8221;off&#8221; specialty=&#8221;off&#8221; disabled=&#8221;off&#8221;][et_pb_row admin_label=&#8221;row&#8221; make_fullwidth=&#8221;off&#8221; use_custom_width=&#8221;off&#8221; width_unit=&#8221;off&#8221; custom_width_px=&#8221;1080px&#8221; custom_width_percent=&#8221;80%&#8221; use_custom_gutter=&#8221;off&#8221; gutter_width=&#8221;3&#8243; custom_padding=&#8221;48px|0px|27px|0px&#8221; padding_mobile=&#8221;off&#8221; background_color=&#8221;rgba(255,255,255,0.63)&#8221; allow_player_pause=&#8221;off&#8221; parallax=&#8221;off&#8221; parallax_method=&#8221;on&#8221; make_equal=&#8221;off&#8221; column_padding_mobile=&#8221;on&#8221; parallax_1=&#8221;off&#8221; parallax_method_1=&#8221;on&#8221; parallax_2=&#8221;off&#8221; parallax_method_2=&#8221;on&#8221; parallax_3=&#8221;off&#8221; parallax_method_3=&#8221;on&#8221; parallax_4=&#8221;off&#8221; parallax_method_4=&#8221;on&#8221; disabled=&#8221;off&#8221;][et_pb_column type=&#8221;4_4&#8243;][et_pb_cta admin_label=&#8221;Llamada a la acci\u00f3n&#8221; url_new_window=&#8221;off&#8221; use_background_color=&#8221;off&#8221; background_color=&#8221;#fed400&#8243; background_layout=&#8221;light&#8221; text_orientation=&#8221;center&#8221; use_border_color=&#8221;off&#8221; border_color=&#8221;#ffffff&#8221; border_style=&#8221;solid&#8221; custom_button=&#8221;off&#8221; button_use_icon=&#8221;on&#8221; button_icon_placement=&#8221;right&#8221; button_on_hover=&#8221;on&#8221; button_letter_spacing_hover=&#8221;0&#8243; disabled=&#8221;off&#8221; inline_fonts=&#8221;Lato&#8221; body_font=&#8221;Lato Light||||&#8221; body_font_size=&#8221;35&#8243; body_font_size_tablet=&#8221;25&#8243; body_font_size_phone=&#8221;18&#8243; body_font_size_last_edited=&#8221;on|phone&#8221; button_letter_spacing=&#8221;0&#8243;]<\/p>\n<p><strong>LLIC\u00c8NCIES D&#8217;OBERTURA I AMBIENTALS<\/strong><\/p>\n<p>[\/et_pb_cta][\/et_pb_column][\/et_pb_row][\/et_pb_section][et_pb_section bb_built=&#8221;1&#8243; admin_label=&#8221;Secci\u00f3n&#8221; transparent_background=&#8221;off&#8221; background_color=&#8221;#476b36&#8243; allow_player_pause=&#8221;off&#8221; inner_shadow=&#8221;off&#8221; parallax=&#8221;off&#8221; parallax_method=&#8221;on&#8221; padding_mobile=&#8221;off&#8221; make_fullwidth=&#8221;off&#8221; use_custom_width=&#8221;off&#8221; width_unit=&#8221;off&#8221; custom_width_px=&#8221;1080px&#8221; custom_width_percent=&#8221;80%&#8221; make_equal=&#8221;off&#8221; use_custom_gutter=&#8221;off&#8221; fullwidth=&#8221;off&#8221; specialty=&#8221;off&#8221; disabled=&#8221;off&#8221;][et_pb_row admin_label=&#8221;row&#8221; make_fullwidth=&#8221;off&#8221; use_custom_width=&#8221;off&#8221; width_unit=&#8221;off&#8221; custom_width_px=&#8221;1080px&#8221; custom_width_percent=&#8221;80%&#8221; use_custom_gutter=&#8221;off&#8221; gutter_width=&#8221;3&#8243; custom_padding=&#8221;27px|0px|27px|0px&#8221; padding_mobile=&#8221;off&#8221; allow_player_pause=&#8221;off&#8221; parallax=&#8221;off&#8221; parallax_method=&#8221;on&#8221; make_equal=&#8221;off&#8221; column_padding_mobile=&#8221;on&#8221; parallax_1=&#8221;off&#8221; parallax_method_1=&#8221;on&#8221; parallax_2=&#8221;off&#8221; parallax_method_2=&#8221;on&#8221; parallax_3=&#8221;off&#8221; parallax_method_3=&#8221;on&#8221; parallax_4=&#8221;off&#8221; parallax_method_4=&#8221;on&#8221; disabled=&#8221;off&#8221;][et_pb_column type=&#8221;4_4&#8243;][et_pb_text admin_label=&#8221;Texto&#8221; background_layout=&#8221;light&#8221; text_orientation=&#8221;center&#8221; use_border_color=&#8221;off&#8221; border_style=&#8221;solid&#8221; disabled=&#8221;off&#8221; inline_fonts=&#8221;Lato&#8221;]<\/p>\n<p><span style=\"text-decoration: underline; font-weight: normal; font-size: x-large;\"><strong><span style=\"color: #ffffff; text-decoration: underline;\">LLIC\u00c8NCIES<\/span><\/strong><\/span><\/p>\n<p>[\/et_pb_text][\/et_pb_column][\/et_pb_row][et_pb_row admin_label=&#8221;row&#8221; make_fullwidth=&#8221;off&#8221; use_custom_width=&#8221;off&#8221; width_unit=&#8221;off&#8221; custom_width_px=&#8221;1080px&#8221; custom_width_percent=&#8221;80%&#8221; use_custom_gutter=&#8221;off&#8221; gutter_width=&#8221;3&#8243; custom_padding=&#8221;27px|0px|27px|0px&#8221; padding_mobile=&#8221;off&#8221; allow_player_pause=&#8221;off&#8221; parallax=&#8221;off&#8221; parallax_method=&#8221;on&#8221; make_equal=&#8221;off&#8221; column_padding_mobile=&#8221;on&#8221; parallax_1=&#8221;off&#8221; parallax_method_1=&#8221;on&#8221; parallax_2=&#8221;off&#8221; parallax_method_2=&#8221;on&#8221; parallax_3=&#8221;off&#8221; parallax_method_3=&#8221;on&#8221; parallax_4=&#8221;off&#8221; parallax_method_4=&#8221;on&#8221; disabled=&#8221;off&#8221;][et_pb_column type=&#8221;4_4&#8243;][et_pb_text admin_label=&#8221;Texto&#8221; background_layout=&#8221;dark&#8221; text_orientation=&#8221;left&#8221; use_border_color=&#8221;off&#8221; border_style=&#8221;solid&#8221; disabled=&#8221;off&#8221; border_color=&#8221;#ffffff&#8221;]<\/p>\n<p>Elaborem el teu informe o projecte t\u00e8cnic visat condicionant i legalitzem la teva activitat (bar, taller, pub, botiga, hospital, cl\u00ednica, discoteca, restaurant, f\u00e0brica &#8230;), trobant la soluci\u00f3 \u00f2ptima per aconseguir la llic\u00e8ncia d&#8217;obertura r\u00e0pidament.<\/p>\n<p>Aquesta llic\u00e8ncia ha de ser atorgada per l&#8217;ajuntament municipal i verifica el compliment de les condicions d&#8217;habilitaci\u00f3 i \u00fas de l&#8217;activitat.<\/p>\n<p>Nosaltres ens reunim amb el t\u00e8cnic competent de l&#8217;ajuntament pr\u00e8viament abans de comen\u00e7ar a realitzar el projecte o informe per assegurar-nos que prenem les mesures necess\u00e0ries ja que poden variar depenent de la poblaci\u00f3 o el t\u00e8cnic de l&#8217;ajuntament.<\/p>\n<p>Aquesta llic\u00e8ncia ha de ser renovada si canvia el tipus d&#8217;activitat del local, hi hagen modificacions en el mateix o hi haja un canvi de propietaris.<\/p>\n<p>Recomanem a l&#8217;hora de buscar un local per exercir una activitat ens consulte abans \u00a0si compleix els seus requisits de la normativa actual per ser conscients de si compleix totalment o es necessitaran alguns canvis per obtenir-la llic\u00e8ncia.<\/p>\n<p>La nostra forma de treballar i realitzar els projectes o informes \u00e9s molt familiar. Una vegada el propietari es pose en contacte amb nosaltres anem a supervisar el local, posteriorment confirmem si compleix els requisits de la normativa actual i ens reunim amb el t\u00e8cnic municipal, i informem al propietari dels canvis, mesures o consells que s&#8217;han de dur a terme per a la obtenir la llic\u00e8ncia de la forma m\u00e9s eficient. Llavors ens posem mans a l&#8217;obra on som especialistes; en la redacci\u00f3 d&#8217;informes i projectant l&#8217;activitat en plans perqu\u00e8 quede tot totalment indicat i detallat per a posteriorment obtindre la llic\u00e8ncia.<\/p>\n<p>[\/et_pb_text][\/et_pb_column][\/et_pb_row][et_pb_row admin_label=&#8221;row&#8221; make_fullwidth=&#8221;off&#8221; use_custom_width=&#8221;off&#8221; width_unit=&#8221;off&#8221; custom_width_px=&#8221;1080px&#8221; custom_width_percent=&#8221;80%&#8221; use_custom_gutter=&#8221;off&#8221; gutter_width=&#8221;3&#8243; padding_mobile=&#8221;off&#8221; allow_player_pause=&#8221;off&#8221; parallax=&#8221;off&#8221; parallax_method=&#8221;on&#8221; make_equal=&#8221;off&#8221; column_padding_mobile=&#8221;on&#8221; parallax_1=&#8221;off&#8221; parallax_method_1=&#8221;on&#8221; parallax_2=&#8221;off&#8221; parallax_method_2=&#8221;on&#8221; parallax_3=&#8221;off&#8221; parallax_method_3=&#8221;on&#8221; parallax_4=&#8221;off&#8221; parallax_method_4=&#8221;on&#8221; disabled=&#8221;off&#8221;][et_pb_column type=&#8221;1_2&#8243;][et_pb_text admin_label=&#8221;Texto&#8221; background_layout=&#8221;dark&#8221; text_orientation=&#8221;left&#8221; use_border_color=&#8221;off&#8221; border_style=&#8221;solid&#8221; disabled=&#8221;off&#8221; border_color=&#8221;#ffffff&#8221;]<\/p>\n<p>Depenent del tipus d&#8217;activitat hauran uns requeriments. Tenim gran experi\u00e8ncia en activitats de tot tipus:<\/p>\n<p>INN\u00d2CUES: Petits comer\u00e7os, petites oficines de serveis &#8230;<\/p>\n<p>QUALIFICADES:<\/p>\n<p>Ind\u00fastries, tallers, magatzems, garatges, grans comer\u00e7os &#8230;<\/p>\n<p>&#8211; RECREATIVES:<\/p>\n<p>Establiments i espectacles p\u00fablics.<\/p>\n<p>&#8211; PREVISI\u00d3 I EXTINCI\u00d3 D&#8217;INCENDIS:<\/p>\n<ul>\n<li>Detecci\u00f3 amb central. Detectors i\u00f2nics, termoveloc\u00edmetres i alarmes.<\/li>\n<li>Extinci\u00f3 amb cisterna, grup de pressi\u00f3, grup electrogen i m\u00e0nega.<\/li>\n<li>Central de robatoris, parallamps.<\/li>\n<\/ul>\n<p>&#8211; INSONORITZACI\u00d3:<\/p>\n<ul>\n<li>Mitjan\u00e7ant fibra de vidre, poliestir\u00e8, llana de roca, suro, PKB-2, Calibel, sostres ac\u00fastics, terres flotants.<\/li>\n<\/ul>\n<p>&#8211; APARELLS ELEVADORS (GRUES TORRE)<\/p>\n<ul>\n<li>Estacions, autodesplegables i sobre carril.<\/li>\n<\/ul>\n<p>&#8211; SEM\u00c0FORS<\/p>\n<ul>\n<li>En vies, carrers i carreteres.<\/li>\n<li>En garatges i aparcaments de vehicles.<\/li>\n<\/ul>\n<p>&#8211; CORRECCI\u00d3 DE CONTAMINACI\u00d3<\/p>\n<ul>\n<li>En ind\u00fastries diverses.<\/li>\n<\/ul>\n<p>&#8211; D&#8217;IMPACTE AMBIENTAL<\/p>\n<ul>\n<li>En ind\u00fastries diverses.<\/li>\n<\/ul>\n<p>[\/et_pb_text][\/et_pb_column][et_pb_column type=&#8221;1_2&#8243;][et_pb_contact_form admin_label=&#8221;Formulario de contacto&#8221; captcha=&#8221;on&#8221; email=&#8221;salvador@salvadorpalomares.es&#8221; use_redirect=&#8221;on&#8221; redirect_url=&#8221;https:\/\/salvadorpalomares.es\/gracias-por-contactar-con-nosotros\/&#8221; success_message=&#8221;Gr\u00e0cies per contactar amb nosaltres!&#8221; input_border_radius=&#8221;0&#8243; use_border_color=&#8221;off&#8221; border_color=&#8221;#ffffff&#8221; border_style=&#8221;solid&#8221; custom_button=&#8221;off&#8221; button_letter_spacing=&#8221;0&#8243; button_use_icon=&#8221;default&#8221; button_icon_placement=&#8221;right&#8221; button_on_hover=&#8221;on&#8221; button_letter_spacing_hover=&#8221;0&#8243;] [et_pb_contact_field field_title=&#8221;Nombre&#8221; field_type=&#8221;input&#8221; field_id=&#8221;Name&#8221; required_mark=&#8221;on&#8221; fullwidth_field=&#8221;off&#8221; \/][et_pb_contact_field field_title=&#8221;Direcci\u00f3n de correo electr\u00f3nico&#8221; field_type=&#8221;email&#8221; field_id=&#8221;Email&#8221; required_mark=&#8221;on&#8221; fullwidth_field=&#8221;off&#8221; \/][et_pb_contact_field field_id=&#8221;Input&#8221; field_title=&#8221;Telefono&#8221; field_type=&#8221;input&#8221; required_mark=&#8221;on&#8221; fullwidth_field=&#8221;on&#8221; form_field_font_select=&#8221;default&#8221; form_field_font=&#8221;||||&#8221; use_border_color=&#8221;off&#8221; border_style=&#8221;solid&#8221; \/][et_pb_contact_field field_title=&#8221;Mensaje&#8221; field_type=&#8221;text&#8221; field_id=&#8221;Message&#8221; required_mark=&#8221;on&#8221; fullwidth_field=&#8221;on&#8221; \/] [\/et_pb_contact_form][\/et_pb_column][\/et_pb_row][\/et_pb_section]<\/p>\n","protected":false},"excerpt":{"rendered":"<p>[et_pb_section bb_built=&#8221;1&#8243; admin_label=&#8221;section&#8221; background_image=&#8221;https:\/\/salvadorpalomares.es\/wp-content\/uploads\/2016\/11\/Consum-Alcantara-del-Xuquer-2.jpg&#8221; transparent_background=&#8221;off&#8221; allow_player_pause=&#8221;off&#8221; inner_shadow=&#8221;off&#8221; parallax=&#8221;off&#8221; parallax_method=&#8221;on&#8221; custom_padding=&#8221;124px|0px|130px|0px&#8221; padding_mobile=&#8221;off&#8221; make_fullwidth=&#8221;off&#8221; use_custom_width=&#8221;off&#8221; width_unit=&#8221;off&#8221; custom_width_px=&#8221;1080px&#8221; custom_width_percent=&#8221;80%&#8221; make_equal=&#8221;off&#8221; use_custom_gutter=&#8221;off&#8221; fullwidth=&#8221;off&#8221; specialty=&#8221;off&#8221; disabled=&#8221;off&#8221;][et_pb_row admin_label=&#8221;row&#8221; make_fullwidth=&#8221;off&#8221; use_custom_width=&#8221;off&#8221; width_unit=&#8221;off&#8221; custom_width_px=&#8221;1080px&#8221; custom_width_percent=&#8221;80%&#8221; use_custom_gutter=&#8221;off&#8221; gutter_width=&#8221;3&#8243; custom_padding=&#8221;48px|0px|27px|0px&#8221; padding_mobile=&#8221;off&#8221; background_color=&#8221;rgba(255,255,255,0.63)&#8221; allow_player_pause=&#8221;off&#8221; parallax=&#8221;off&#8221; parallax_method=&#8221;on&#8221; make_equal=&#8221;off&#8221; column_padding_mobile=&#8221;on&#8221; parallax_1=&#8221;off&#8221; parallax_method_1=&#8221;on&#8221; parallax_2=&#8221;off&#8221; parallax_method_2=&#8221;on&#8221; parallax_3=&#8221;off&#8221; parallax_method_3=&#8221;on&#8221; parallax_4=&#8221;off&#8221; parallax_method_4=&#8221;on&#8221; disabled=&#8221;off&#8221;][et_pb_column type=&#8221;4_4&#8243;][et_pb_cta admin_label=&#8221;Llamada a la acci\u00f3n&#8221; url_new_window=&#8221;off&#8221; use_background_color=&#8221;off&#8221; background_color=&#8221;#fed400&#8243; background_layout=&#8221;light&#8221; [&hellip;]<\/p>\n","protected":false},"author":1,"featured_media":0,"parent":0,"menu_order":0,"comment_status":"closed","ping_status":"closed","template":"","meta":{"_et_pb_use_builder":"on","_et_pb_old_content":"","_et_gb_content_width":""},"_links":{"self":[{"href":"https:\/\/salvadorpalomares.es\/ca\/wp-json\/wp\/v2\/pages\/1287"}],"collection":[{"href":"https:\/\/salvadorpalomares.es\/ca\/wp-json\/wp\/v2\/pages"}],"about":[{"href":"https:\/\/salvadorpalomares.es\/ca\/wp-json\/wp\/v2\/types\/page"}],"author":[{"embeddable":true,"href":"https:\/\/salvadorpalomares.es\/ca\/wp-json\/wp\/v2\/users\/1"}],"replies":[{"embeddable":true,"href":"https:\/\/salvadorpalomares.es\/ca\/wp-json\/wp\/v2\/comments?post=1287"}],"version-history":[{"count":12,"href":"https:\/\/salvadorpalomares.es\/ca\/wp-json\/wp\/v2\/pages\/1287\/revisions"}],"predecessor-version":[{"id":2144,"href":"https:\/\/salvadorpalomares.es\/ca\/wp-json\/wp\/v2\/pages\/1287\/revisions\/2144"}],"wp:attachment":[{"href":"https:\/\/salvadorpalomares.es\/ca\/wp-json\/wp\/v2\/media?parent=1287"}],"curies":[{"name":"wp","href":"https:\/\/api.w.org\/{rel}","templated":true}]}}