{"id":1215,"date":"2016-11-22T18:03:56","date_gmt":"2016-11-22T18:03:56","guid":{"rendered":"https:\/\/salvadorpalomares.es\/ca\/?page_id=1215"},"modified":"2017-10-13T08:38:12","modified_gmt":"2017-10-13T08:38:12","slug":"certificats-deficiencia-energetica","status":"publish","type":"page","link":"https:\/\/salvadorpalomares.es\/ca\/certificats-deficiencia-energetica\/","title":{"rendered":"Certificats d&#8217;efici\u00e8ncia energ\u00e8tica"},"content":{"rendered":"<p>[et_pb_section bb_built=&#8221;1&#8243; admin_label=&#8221;section&#8221; background_image=&#8221;https:\/\/salvadorpalomares.es\/wp-content\/uploads\/2016\/11\/3_portada.jpg&#8221; transparent_background=&#8221;off&#8221; allow_player_pause=&#8221;off&#8221; inner_shadow=&#8221;off&#8221; parallax=&#8221;off&#8221; parallax_method=&#8221;on&#8221; custom_padding=&#8221;124px|0px|130px|0px&#8221; padding_mobile=&#8221;off&#8221; make_fullwidth=&#8221;off&#8221; use_custom_width=&#8221;off&#8221; width_unit=&#8221;off&#8221; custom_width_px=&#8221;1080px&#8221; custom_width_percent=&#8221;80%&#8221; make_equal=&#8221;off&#8221; use_custom_gutter=&#8221;off&#8221; fullwidth=&#8221;off&#8221; specialty=&#8221;off&#8221; disabled=&#8221;off&#8221;][et_pb_row admin_label=&#8221;row&#8221; make_fullwidth=&#8221;off&#8221; use_custom_width=&#8221;off&#8221; width_unit=&#8221;off&#8221; custom_width_px=&#8221;1080px&#8221; custom_width_percent=&#8221;80%&#8221; use_custom_gutter=&#8221;off&#8221; gutter_width=&#8221;3&#8243; custom_padding=&#8221;48px|0px|27px|0px&#8221; padding_mobile=&#8221;off&#8221; background_color=&#8221;rgba(255,255,255,0.63)&#8221; allow_player_pause=&#8221;off&#8221; parallax=&#8221;off&#8221; parallax_method=&#8221;on&#8221; make_equal=&#8221;off&#8221; column_padding_mobile=&#8221;on&#8221; parallax_1=&#8221;off&#8221; parallax_method_1=&#8221;on&#8221; parallax_2=&#8221;off&#8221; parallax_method_2=&#8221;on&#8221; parallax_3=&#8221;off&#8221; parallax_method_3=&#8221;on&#8221; parallax_4=&#8221;off&#8221; parallax_method_4=&#8221;on&#8221; disabled=&#8221;off&#8221;][et_pb_column type=&#8221;4_4&#8243;][et_pb_cta admin_label=&#8221;Llamada a la acci\u00f3n&#8221; url_new_window=&#8221;off&#8221; use_background_color=&#8221;off&#8221; background_color=&#8221;#fed400&#8243; background_layout=&#8221;light&#8221; text_orientation=&#8221;center&#8221; use_border_color=&#8221;off&#8221; border_color=&#8221;#ffffff&#8221; border_style=&#8221;solid&#8221; custom_button=&#8221;off&#8221; button_letter_spacing=&#8221;0&#8243; button_use_icon=&#8221;on&#8221; button_icon_placement=&#8221;right&#8221; button_on_hover=&#8221;on&#8221; button_letter_spacing_hover=&#8221;0&#8243; disabled=&#8221;off&#8221; body_font=&#8221;Lato Light||||&#8221; body_font_size=&#8221;35&#8243; body_font_size_tablet=&#8221;25&#8243; body_font_size_phone=&#8221;18&#8243; body_font_size_last_edited=&#8221;on|phone&#8221;]<\/p>\n<p>Certificats <strong>d&#8217;EFICI\u00c8NCIA ENERG\u00c8TICA<\/strong><\/p>\n<p>[\/et_pb_cta][\/et_pb_column][\/et_pb_row][\/et_pb_section][et_pb_section bb_built=&#8221;1&#8243; admin_label=&#8221;section&#8221; background_image=&#8221;https:\/\/salvadorpalomares.es\/wp-content\/uploads\/2016\/11\/fondo-ladrillo.jpg&#8221; transparent_background=&#8221;off&#8221; allow_player_pause=&#8221;off&#8221; inner_shadow=&#8221;off&#8221; parallax=&#8221;off&#8221; parallax_method=&#8221;on&#8221; padding_mobile=&#8221;off&#8221; make_fullwidth=&#8221;off&#8221; use_custom_width=&#8221;off&#8221; width_unit=&#8221;off&#8221; custom_width_px=&#8221;1080px&#8221; custom_width_percent=&#8221;80%&#8221; make_equal=&#8221;off&#8221; use_custom_gutter=&#8221;off&#8221; fullwidth=&#8221;off&#8221; specialty=&#8221;off&#8221; disabled=&#8221;off&#8221;][et_pb_row admin_label=&#8221;row&#8221; make_fullwidth=&#8221;off&#8221; use_custom_width=&#8221;off&#8221; width_unit=&#8221;off&#8221; custom_width_px=&#8221;1080px&#8221; custom_width_percent=&#8221;80%&#8221; use_custom_gutter=&#8221;off&#8221; gutter_width=&#8221;3&#8243; padding_mobile=&#8221;off&#8221; allow_player_pause=&#8221;off&#8221; parallax=&#8221;off&#8221; parallax_method=&#8221;on&#8221; make_equal=&#8221;off&#8221; column_padding_mobile=&#8221;on&#8221; parallax_1=&#8221;off&#8221; parallax_method_1=&#8221;on&#8221; parallax_2=&#8221;off&#8221; parallax_method_2=&#8221;on&#8221; parallax_3=&#8221;off&#8221; parallax_method_3=&#8221;on&#8221; parallax_4=&#8221;off&#8221; parallax_method_4=&#8221;on&#8221; disabled=&#8221;off&#8221;][et_pb_column type=&#8221;1_3&#8243;][et_pb_image admin_label=&#8221;Imagen&#8221; src=&#8221;https:\/\/salvadorpalomares.es\/wp-content\/uploads\/2016\/11\/para_cartel-1.png&#8221; show_in_lightbox=&#8221;off&#8221; url_new_window=&#8221;off&#8221; use_overlay=&#8221;off&#8221; animation=&#8221;right&#8221; sticky=&#8221;off&#8221; align=&#8221;center&#8221; force_fullwidth=&#8221;off&#8221; always_center_on_mobile=&#8221;on&#8221; use_border_color=&#8221;off&#8221; border_color=&#8221;#ffffff&#8221; border_width=&#8221;1px&#8221; border_style=&#8221;solid&#8221; disabled=&#8221;off&#8221; \/][\/et_pb_column][et_pb_column type=&#8221;1_3&#8243;][et_pb_text admin_label=&#8221;Texto&#8221; background_layout=&#8221;light&#8221; text_orientation=&#8221;left&#8221; use_border_color=&#8221;off&#8221; border_color=&#8221;#ffff&#8221; border_style=&#8221;solid&#8221; disabled=&#8221;off&#8221; inline_fonts=&#8221;Lato Light,Lato&#8221;]<\/p>\n<p style=\"text-align: center;\"><span style=\"font-size: x-large;\"><strong>HABITATGE<\/strong> o <strong>COMERCIAL<\/strong><\/span><br \/>\n<span style=\"font-weight: normal; font-size: x-large;\">Els millors preus<\/span><br \/>\n<span style=\"font-weight: normal; font-size: x-large;\">Realitzat per experts<\/span><br \/>\n<span style=\"font-weight: normal; font-size: x-large;\">De forma r\u00e0pida i senzilla<\/span><\/p>\n<p>[\/et_pb_text][\/et_pb_column][et_pb_column type=&#8221;1_3&#8243;][et_pb_image admin_label=&#8221;Imagen&#8221; src=&#8221;https:\/\/salvadorpalomares.es\/wp-content\/uploads\/2016\/11\/img_portada.png&#8221; show_in_lightbox=&#8221;off&#8221; url_new_window=&#8221;off&#8221; use_overlay=&#8221;off&#8221; sticky=&#8221;off&#8221; align=&#8221;center&#8221; max_width=&#8221;250px&#8221; force_fullwidth=&#8221;off&#8221; always_center_on_mobile=&#8221;on&#8221; use_border_color=&#8221;off&#8221; border_color=&#8221;#ffffff&#8221; border_width=&#8221;1px&#8221; border_style=&#8221;solid&#8221; disabled=&#8221;off&#8221; \/][\/et_pb_column][\/et_pb_row][\/et_pb_section][et_pb_section bb_built=&#8221;1&#8243; admin_label=&#8221;Secci\u00f3n&#8221; fullwidth=&#8221;off&#8221; specialty=&#8221;off&#8221;][et_pb_row admin_label=&#8221;Fila&#8221;][et_pb_column type=&#8221;4_4&#8243;][et_pb_text admin_label=&#8221;Texto&#8221; background_layout=&#8221;light&#8221; text_orientation=&#8221;left&#8221; use_border_color=&#8221;off&#8221; border_color=&#8221;#ffffff&#8221; border_style=&#8221;solid&#8221;]<\/p>\n<p>Comptem amb gran experi\u00e8ncia en la realitzaci\u00f3 de certificats d&#8217;efici\u00e8ncia energ\u00e8tica tant de locals com d&#8217;habitatges a Val\u00e8ncia. Tan sols ens es suficient que el client ens informe de la direcci\u00f3 on sol\u2022licita el certificat i ens desplacem amb l&#8217;equip per fer-ho de la manera m\u00e9s \u00f2ptima i r\u00e0pida.<br \/>\nRealitzem personalment el certificat obligatori requerit pel Ministeri d&#8217;Ind\u00fastria, Energia i Turisme per tots els habitatges i locals que hagen de ser llogades o comprades. Consisteix en un document oficial en qu\u00e8 consten les caracter\u00edstiques objectives sobre l&#8217;immoble, com la producci\u00f3 d&#8217;aigua calenta, climatitzaci\u00f3, il\u2022luminaci\u00f3, etc.<br \/>\nRecorda que des del 2013 el CEE \u00e9s obligatori per vendre o llogar immobles.<br \/>\nComptem amb un historial de m\u00e9s de 300, entre certificats energ\u00e8tics de locals i certificats energ\u00e8tics per a habitatges realitzats en aquests \u00faltims 3 anys. Tant a la zona de Val\u00e8ncia com alreadedor.<br \/>\nEs necessari ja que \u00e9s obligatori per al propietari de qualsevol part individual d&#8217;un edifici existent (habitatges, oficines o locals) objecte d&#8217;una operaci\u00f3 de compravenda o de lloguer.<br \/>\nEl certificat ser\u00e0 qualificat amb una etiqueta energ\u00e8tica que pot ser classificada de l&#8217;A a la G (de m\u00e9s eficient a menys) segons l&#8217;efici\u00e8ncia i caracter\u00edstiques de l&#8217;habitatge o local.<br \/>\nNo ho dubti i sol\u2022liciti ja el seu certificat d&#8217;efici\u00e8ncia energ\u00e8tica a Val\u00e8ncia.<\/p>\n<p>[\/et_pb_text][et_pb_contact_form admin_label=&#8221;Formulario de contacto&#8221; captcha=&#8221;on&#8221; email=&#8221;salvador@salvadorpalomares.es&#8221; use_redirect=&#8221;on&#8221; redirect_url=&#8221;https:\/\/salvadorpalomares.es\/gracias-por-contactar-con-nosotros\/&#8221; success_message=&#8221;Gr\u00e0cies per contactar amb nosaltres!&#8221; input_border_radius=&#8221;0&#8243; use_border_color=&#8221;off&#8221; border_color=&#8221;#ffffff&#8221; border_style=&#8221;solid&#8221; custom_button=&#8221;off&#8221; button_letter_spacing=&#8221;0&#8243; button_use_icon=&#8221;default&#8221; button_icon_placement=&#8221;right&#8221; button_on_hover=&#8221;on&#8221; button_letter_spacing_hover=&#8221;0&#8243;] [et_pb_contact_field field_title=&#8221;Nombre&#8221; field_type=&#8221;input&#8221; field_id=&#8221;Name&#8221; required_mark=&#8221;on&#8221; fullwidth_field=&#8221;off&#8221; \/][et_pb_contact_field field_title=&#8221;Direcci\u00f3n de correo electr\u00f3nico&#8221; field_type=&#8221;email&#8221; field_id=&#8221;Email&#8221; required_mark=&#8221;on&#8221; fullwidth_field=&#8221;off&#8221; \/][et_pb_contact_field field_id=&#8221;Input&#8221; field_title=&#8221;Tel\u00e9fono&#8221; field_type=&#8221;input&#8221; required_mark=&#8221;on&#8221; fullwidth_field=&#8221;on&#8221; form_field_font_select=&#8221;default&#8221; form_field_font=&#8221;||||&#8221; use_border_color=&#8221;off&#8221; border_style=&#8221;solid&#8221; \/][et_pb_contact_field field_title=&#8221;Mensaje&#8221; field_type=&#8221;text&#8221; field_id=&#8221;Message&#8221; required_mark=&#8221;on&#8221; fullwidth_field=&#8221;on&#8221; \/] [\/et_pb_contact_form][\/et_pb_column][\/et_pb_row][\/et_pb_section]<\/p>\n","protected":false},"excerpt":{"rendered":"<p>[et_pb_section bb_built=&#8221;1&#8243; admin_label=&#8221;section&#8221; background_image=&#8221;https:\/\/salvadorpalomares.es\/wp-content\/uploads\/2016\/11\/3_portada.jpg&#8221; transparent_background=&#8221;off&#8221; allow_player_pause=&#8221;off&#8221; inner_shadow=&#8221;off&#8221; parallax=&#8221;off&#8221; parallax_method=&#8221;on&#8221; custom_padding=&#8221;124px|0px|130px|0px&#8221; padding_mobile=&#8221;off&#8221; make_fullwidth=&#8221;off&#8221; use_custom_width=&#8221;off&#8221; width_unit=&#8221;off&#8221; custom_width_px=&#8221;1080px&#8221; custom_width_percent=&#8221;80%&#8221; make_equal=&#8221;off&#8221; use_custom_gutter=&#8221;off&#8221; fullwidth=&#8221;off&#8221; specialty=&#8221;off&#8221; disabled=&#8221;off&#8221;][et_pb_row admin_label=&#8221;row&#8221; make_fullwidth=&#8221;off&#8221; use_custom_width=&#8221;off&#8221; width_unit=&#8221;off&#8221; custom_width_px=&#8221;1080px&#8221; custom_width_percent=&#8221;80%&#8221; use_custom_gutter=&#8221;off&#8221; gutter_width=&#8221;3&#8243; custom_padding=&#8221;48px|0px|27px|0px&#8221; padding_mobile=&#8221;off&#8221; background_color=&#8221;rgba(255,255,255,0.63)&#8221; allow_player_pause=&#8221;off&#8221; parallax=&#8221;off&#8221; parallax_method=&#8221;on&#8221; make_equal=&#8221;off&#8221; column_padding_mobile=&#8221;on&#8221; parallax_1=&#8221;off&#8221; parallax_method_1=&#8221;on&#8221; parallax_2=&#8221;off&#8221; parallax_method_2=&#8221;on&#8221; parallax_3=&#8221;off&#8221; parallax_method_3=&#8221;on&#8221; parallax_4=&#8221;off&#8221; parallax_method_4=&#8221;on&#8221; disabled=&#8221;off&#8221;][et_pb_column type=&#8221;4_4&#8243;][et_pb_cta admin_label=&#8221;Llamada a la acci\u00f3n&#8221; url_new_window=&#8221;off&#8221; use_background_color=&#8221;off&#8221; background_color=&#8221;#fed400&#8243; background_layout=&#8221;light&#8221; [&hellip;]<\/p>\n","protected":false},"author":1,"featured_media":0,"parent":0,"menu_order":0,"comment_status":"closed","ping_status":"closed","template":"","meta":{"_et_pb_use_builder":"on","_et_pb_old_content":"<p>[et_pb_section background_image=\"https:\/\/salvadorpalomares.es\/wp-content\/uploads\/2016\/11\/3_portada.jpg\" transparent_background=\"off\" allow_player_pause=\"off\" inner_shadow=\"off\" parallax=\"off\" parallax_method=\"on\" custom_padding=\"124px|0px|130px|0px\" padding_mobile=\"off\" make_fullwidth=\"off\" use_custom_width=\"off\" width_unit=\"off\" custom_width_px=\"1080px\" custom_width_percent=\"80%\" make_equal=\"off\" use_custom_gutter=\"off\" fullwidth=\"off\" specialty=\"off\" admin_label=\"section\" disabled=\"off\"][et_pb_row make_fullwidth=\"off\" use_custom_width=\"off\" width_unit=\"off\" custom_width_px=\"1080px\" custom_width_percent=\"80%\" use_custom_gutter=\"off\" gutter_width=\"3\" custom_padding=\"48px|0px|27px|0px\" padding_mobile=\"off\" background_color=\"rgba(255,255,255,0.63)\" allow_player_pause=\"off\" parallax=\"off\" parallax_method=\"on\" make_equal=\"off\" column_padding_mobile=\"on\" parallax_1=\"off\" parallax_method_1=\"on\" parallax_2=\"off\" parallax_method_2=\"on\" parallax_3=\"off\" parallax_method_3=\"on\" parallax_4=\"off\" parallax_method_4=\"on\" admin_label=\"row\" disabled=\"off\"][et_pb_column type=\"4_4\" disabled=\"off\" parallax=\"off\" parallax_method=\"on\" column_padding_mobile=\"on\"][et_pb_cta url_new_window=\"off\" use_background_color=\"off\" background_color=\"#fed400\" background_layout=\"light\" text_orientation=\"center\" admin_label=\"Llamada a la acci\u00f3n\" use_border_color=\"off\" border_color=\"#ffffff\" border_width=\"1px\" border_style=\"solid\" custom_button=\"off\" button_text_size=\"20\" button_letter_spacing=\"0\" button_use_icon=\"on\" button_icon_placement=\"right\" button_on_hover=\"on\" button_letter_spacing_hover=\"0\" disabled=\"off\"]<\/p><p><span style=\"font-size: x-large; color: #000000;\">Certificados de<em><strong>\u00a0EFICIENCIA ENERG\u00c9TICA<\/strong><\/em><\/span><\/p><p>[\/et_pb_cta][\/et_pb_column][\/et_pb_row][\/et_pb_section][et_pb_section background_image=\"https:\/\/salvadorpalomares.es\/wp-content\/uploads\/2016\/11\/fondo-ladrillo.jpg\" transparent_background=\"off\" allow_player_pause=\"off\" inner_shadow=\"off\" parallax=\"off\" parallax_method=\"on\" padding_mobile=\"off\" make_fullwidth=\"off\" use_custom_width=\"off\" width_unit=\"off\" custom_width_px=\"1080px\" custom_width_percent=\"80%\" make_equal=\"off\" use_custom_gutter=\"off\" fullwidth=\"off\" specialty=\"off\" disabled=\"off\"][et_pb_row make_fullwidth=\"off\" use_custom_width=\"off\" width_unit=\"off\" custom_width_px=\"1080px\" custom_width_percent=\"80%\" use_custom_gutter=\"off\" gutter_width=\"3\" padding_mobile=\"off\" allow_player_pause=\"off\" parallax=\"off\" parallax_method=\"on\" make_equal=\"off\" column_padding_mobile=\"on\" parallax_1=\"off\" parallax_method_1=\"on\" parallax_2=\"off\" parallax_method_2=\"on\" parallax_3=\"off\" parallax_method_3=\"on\" parallax_4=\"off\" parallax_method_4=\"on\" disabled=\"off\"][et_pb_column type=\"1_3\" disabled=\"off\" parallax=\"off\" parallax_method=\"on\" column_padding_mobile=\"on\"][et_pb_image src=\"https:\/\/salvadorpalomares.es\/wp-content\/uploads\/2016\/11\/para_cartel-1.png\" show_in_lightbox=\"off\" url_new_window=\"off\" use_overlay=\"off\" animation=\"right\" sticky=\"off\" align=\"center\" force_fullwidth=\"off\" always_center_on_mobile=\"on\" use_border_color=\"off\" border_color=\"#ffffff\" border_width=\"1px\" border_style=\"solid\" disabled=\"off\"][\/et_pb_image][\/et_pb_column][et_pb_column type=\"1_3\" disabled=\"off\" parallax=\"off\" parallax_method=\"on\" column_padding_mobile=\"on\"][et_pb_text background_layout=\"light\" text_orientation=\"left\" use_border_color=\"off\" border_color=\"#ffff\" border_style=\"solid\" disabled=\"off\" inline_fonts=\"Lato Light\"]<\/p><p>\u00a0<\/p><p>\u00a0<\/p><p style=\"text-align: center;\"><span style=\"font-weight: 300; font-size: x-large;\">\u00a0<strong>VIVIENDA<\/strong> o\u00a0<strong>COMERCIAL<\/strong><\/span><\/p><p style=\"text-align: center;\"><span style=\"font-family: Lato; font-weight: 300; font-size: x-large;\">Los mejores precios<\/span><\/p><p style=\"text-align: center;\"><span style=\"color: #383838; font-family: Lato; font-weight: 300; font-size: x-large;\">Realizado por expertos<\/span><\/p><p style=\"text-align: center;\"><span style=\"color: #383838; font-family: Lato; font-weight: 300; font-size: x-large;\">De forma r\u00e1pida y sencilla<\/span><\/p><p style=\"text-align: center;\"><span style=\"font-weight: 300; font-size: x-large; color: #383838; font-family: Lato;\">Trabajos garantizados<\/span><\/p><p>[\/et_pb_text][\/et_pb_column][et_pb_column type=\"1_3\" disabled=\"off\" parallax=\"off\" parallax_method=\"on\" column_padding_mobile=\"on\"][et_pb_image src=\"https:\/\/salvadorpalomares.es\/wp-content\/uploads\/2016\/11\/img_portada.png\" show_in_lightbox=\"off\" url_new_window=\"off\" use_overlay=\"off\" sticky=\"off\" align=\"center\" max_width=\"250px\" force_fullwidth=\"off\" always_center_on_mobile=\"on\" use_border_color=\"off\" border_color=\"#ffffff\" border_width=\"1px\" border_style=\"solid\" disabled=\"off\"][\/et_pb_image][\/et_pb_column][\/et_pb_row][\/et_pb_section]<\/p><p>\u00a0<\/p>","_et_gb_content_width":""},"_links":{"self":[{"href":"https:\/\/salvadorpalomares.es\/ca\/wp-json\/wp\/v2\/pages\/1215"}],"collection":[{"href":"https:\/\/salvadorpalomares.es\/ca\/wp-json\/wp\/v2\/pages"}],"about":[{"href":"https:\/\/salvadorpalomares.es\/ca\/wp-json\/wp\/v2\/types\/page"}],"author":[{"embeddable":true,"href":"https:\/\/salvadorpalomares.es\/ca\/wp-json\/wp\/v2\/users\/1"}],"replies":[{"embeddable":true,"href":"https:\/\/salvadorpalomares.es\/ca\/wp-json\/wp\/v2\/comments?post=1215"}],"version-history":[{"count":13,"href":"https:\/\/salvadorpalomares.es\/ca\/wp-json\/wp\/v2\/pages\/1215\/revisions"}],"predecessor-version":[{"id":2129,"href":"https:\/\/salvadorpalomares.es\/ca\/wp-json\/wp\/v2\/pages\/1215\/revisions\/2129"}],"wp:attachment":[{"href":"https:\/\/salvadorpalomares.es\/ca\/wp-json\/wp\/v2\/media?parent=1215"}],"curies":[{"name":"wp","href":"https:\/\/api.w.org\/{rel}","templated":true}]}}