{"id":1184,"date":"2016-11-22T16:13:31","date_gmt":"2016-11-22T16:13:31","guid":{"rendered":"https:\/\/salvadorpalomares.es\/ca\/?page_id=1184"},"modified":"2017-02-24T09:54:57","modified_gmt":"2017-02-24T09:54:57","slug":"recursos-humans","status":"publish","type":"page","link":"https:\/\/salvadorpalomares.es\/ca\/recursos-humans\/","title":{"rendered":"Recursos humans"},"content":{"rendered":"<p>[et_pb_section admin_label=&#8221;section&#8221; background_image=&#8221;https:\/\/salvadorpalomares.es\/wp-content\/uploads\/2016\/11\/bigstock-handshake-isolated-on-business-13870733.jpg&#8221; transparent_background=&#8221;off&#8221; allow_player_pause=&#8221;off&#8221; inner_shadow=&#8221;on&#8221; parallax=&#8221;off&#8221; parallax_method=&#8221;on&#8221; custom_padding=&#8221;100px||100px|&#8221; padding_mobile=&#8221;off&#8221; make_fullwidth=&#8221;off&#8221; use_custom_width=&#8221;off&#8221; width_unit=&#8221;off&#8221; make_equal=&#8221;off&#8221; use_custom_gutter=&#8221;off&#8221; fullwidth=&#8221;on&#8221; specialty=&#8221;off&#8221; disabled=&#8221;off&#8221;][et_pb_fullwidth_slider admin_label=&#8221;Control deslizante de anchura completa&#8221; show_arrows=&#8221;on&#8221; show_pagination=&#8221;on&#8221; auto=&#8221;off&#8221; auto_speed=&#8221;7000&#8243; auto_ignore_hover=&#8221;off&#8221; parallax=&#8221;off&#8221; parallax_method=&#8221;off&#8221; remove_inner_shadow=&#8221;off&#8221; background_position=&#8221;default&#8221; background_size=&#8221;default&#8221; top_padding=&#8221;100px&#8221; bottom_padding=&#8221;100px&#8221; top_padding_tablet=&#8221;60px&#8221; top_padding_phone=&#8221;20px&#8221; bottom_padding_tablet=&#8221;60px&#8221; bottom_padding_phone=&#8221;20px&#8221; hide_content_on_mobile=&#8221;off&#8221; hide_cta_on_mobile=&#8221;off&#8221; show_image_video_mobile=&#8221;off&#8221; custom_button=&#8221;off&#8221; button_letter_spacing=&#8221;0&#8243; button_use_icon=&#8221;default&#8221; button_icon_placement=&#8221;right&#8221; button_on_hover=&#8221;on&#8221; button_letter_spacing_hover=&#8221;0&#8243; disabled=&#8221;off&#8221;] [et_pb_slide button_link=&#8221;#&#8221; background_position=&#8221;default&#8221; background_size=&#8221;default&#8221; background_color=&#8221;rgba(255,255,255,0)&#8221; use_bg_overlay=&#8221;off&#8221; use_text_overlay=&#8221;off&#8221; alignment=&#8221;center&#8221; background_layout=&#8221;light&#8221; allow_player_pause=&#8221;off&#8221; text_border_radius=&#8221;3&#8243; header_font=&#8221;Open Sans Light||||&#8221; body_font=&#8221;Lato Light||||&#8221; custom_button=&#8221;off&#8221; button_font=&#8221;||||&#8221; button_use_icon=&#8221;default&#8221; button_icon_placement=&#8221;right&#8221; button_on_hover=&#8221;on&#8221; disabled=&#8221;off&#8221; inline_fonts=&#8221;Lato,Lato Light&#8221; header_font_select=&#8221;Open Sans Light&#8221; body_font_select=&#8221;Lato Light&#8221; button_font_select=&#8221;default&#8221; body_font_size=&#8221;35&#8243; body_font_size_tablet=&#8221;25&#8243; body_font_size_phone=&#8221;18&#8243; body_font_size_last_edited=&#8221;on|phone&#8221;] [\/et_pb_slide] [\/et_pb_fullwidth_slider][\/et_pb_section][et_pb_section admin_label=&#8221;section&#8221; background_image=&#8221;https:\/\/salvadorpalomares.es\/wp-content\/uploads\/2016\/11\/fondo-ladrillo.jpg&#8221; transparent_background=&#8221;off&#8221; allow_player_pause=&#8221;off&#8221; inner_shadow=&#8221;off&#8221; parallax=&#8221;off&#8221; parallax_method=&#8221;on&#8221; padding_mobile=&#8221;off&#8221; make_fullwidth=&#8221;off&#8221; use_custom_width=&#8221;off&#8221; width_unit=&#8221;off&#8221; custom_width_px=&#8221;1080px&#8221; custom_width_percent=&#8221;80%&#8221; make_equal=&#8221;off&#8221; use_custom_gutter=&#8221;off&#8221; fullwidth=&#8221;off&#8221; specialty=&#8221;off&#8221; disabled=&#8221;off&#8221;][et_pb_row admin_label=&#8221;row&#8221; make_fullwidth=&#8221;off&#8221; use_custom_width=&#8221;off&#8221; width_unit=&#8221;off&#8221; custom_width_px=&#8221;1080px&#8221; custom_width_percent=&#8221;80%&#8221; use_custom_gutter=&#8221;off&#8221; gutter_width=&#8221;3&#8243; padding_mobile=&#8221;off&#8221; allow_player_pause=&#8221;off&#8221; parallax=&#8221;off&#8221; parallax_method=&#8221;on&#8221; make_equal=&#8221;off&#8221; column_padding_mobile=&#8221;on&#8221; parallax_1=&#8221;off&#8221; parallax_method_1=&#8221;on&#8221; parallax_2=&#8221;off&#8221; parallax_method_2=&#8221;on&#8221; parallax_3=&#8221;off&#8221; parallax_method_3=&#8221;on&#8221; parallax_4=&#8221;off&#8221; parallax_method_4=&#8221;on&#8221; disabled=&#8221;off&#8221;][et_pb_column type=&#8221;4_4&#8243;][et_pb_text admin_label=&#8221;Texto&#8221; background_layout=&#8221;light&#8221; text_orientation=&#8221;left&#8221; use_border_color=&#8221;off&#8221; border_style=&#8221;solid&#8221; disabled=&#8221;off&#8221; inline_fonts=&#8221;Lato&#8221; border_color=&#8221;#ffffff&#8221;]<\/p>\n<h2 style=\"text-align: left;\">UN EQUIP ALTAMENT QUALIFICAT<\/h2>\n<p style=\"text-align: left;\">Comptem amb un equip d&#8217;especialistes en el desenvolupament de<strong> Projectes Integrals<\/strong>. L&#8217;equip hum\u00e0 que forma l&#8217;empresa est\u00e0 altament qualificat i posse\u00efx gran experi\u00e8ncia. Disposem d\u2019un departament de delineaci\u00f3, d\u2019 enginyeria i d\u2019obres que oferixen\u00a0 serveis que s&#8217;adapten a les <strong>\u00faltimes innovacions<\/strong>.<\/p>\n<p style=\"text-align: left;\">La nostra activitat principal \u00e9s prestar serveis d&#8217;enginyeria individualitzats: des del disseny i el desenvolupament de projectes, fins a l&#8217;execuci\u00f3 d\u2019aquests, passant per la direcci\u00f3 i lagesti\u00f3 de cadascun d&#8217;ells d&#8217;una manera personal, \u00fanica i efica\u00e7.<\/p>\n<p>[\/et_pb_text][\/et_pb_column][\/et_pb_row][\/et_pb_section]<\/p>\n","protected":false},"excerpt":{"rendered":"<p>[et_pb_section admin_label=&#8221;section&#8221; background_image=&#8221;https:\/\/salvadorpalomares.es\/wp-content\/uploads\/2016\/11\/bigstock-handshake-isolated-on-business-13870733.jpg&#8221; transparent_background=&#8221;off&#8221; allow_player_pause=&#8221;off&#8221; inner_shadow=&#8221;on&#8221; parallax=&#8221;off&#8221; parallax_method=&#8221;on&#8221; custom_padding=&#8221;100px||100px|&#8221; padding_mobile=&#8221;off&#8221; make_fullwidth=&#8221;off&#8221; use_custom_width=&#8221;off&#8221; width_unit=&#8221;off&#8221; make_equal=&#8221;off&#8221; use_custom_gutter=&#8221;off&#8221; fullwidth=&#8221;on&#8221; specialty=&#8221;off&#8221; disabled=&#8221;off&#8221;][et_pb_fullwidth_slider admin_label=&#8221;Control deslizante de anchura completa&#8221; show_arrows=&#8221;on&#8221; show_pagination=&#8221;on&#8221; auto=&#8221;off&#8221; auto_speed=&#8221;7000&#8243; auto_ignore_hover=&#8221;off&#8221; parallax=&#8221;off&#8221; parallax_method=&#8221;off&#8221; remove_inner_shadow=&#8221;off&#8221; background_position=&#8221;default&#8221; background_size=&#8221;default&#8221; top_padding=&#8221;100px&#8221; bottom_padding=&#8221;100px&#8221; top_padding_tablet=&#8221;60px&#8221; top_padding_phone=&#8221;20px&#8221; bottom_padding_tablet=&#8221;60px&#8221; bottom_padding_phone=&#8221;20px&#8221; hide_content_on_mobile=&#8221;off&#8221; hide_cta_on_mobile=&#8221;off&#8221; show_image_video_mobile=&#8221;off&#8221; custom_button=&#8221;off&#8221; button_letter_spacing=&#8221;0&#8243; button_use_icon=&#8221;default&#8221; button_icon_placement=&#8221;right&#8221; button_on_hover=&#8221;on&#8221; button_letter_spacing_hover=&#8221;0&#8243; disabled=&#8221;off&#8221;] [et_pb_slide button_link=&#8221;#&#8221; background_position=&#8221;default&#8221; background_size=&#8221;default&#8221; background_color=&#8221;rgba(255,255,255,0)&#8221; use_bg_overlay=&#8221;off&#8221; [&hellip;]<\/p>\n","protected":false},"author":1,"featured_media":0,"parent":0,"menu_order":0,"comment_status":"closed","ping_status":"closed","template":"","meta":{"_et_pb_use_builder":"on","_et_pb_old_content":"","_et_gb_content_width":""},"_links":{"self":[{"href":"https:\/\/salvadorpalomares.es\/ca\/wp-json\/wp\/v2\/pages\/1184"}],"collection":[{"href":"https:\/\/salvadorpalomares.es\/ca\/wp-json\/wp\/v2\/pages"}],"about":[{"href":"https:\/\/salvadorpalomares.es\/ca\/wp-json\/wp\/v2\/types\/page"}],"author":[{"embeddable":true,"href":"https:\/\/salvadorpalomares.es\/ca\/wp-json\/wp\/v2\/users\/1"}],"replies":[{"embeddable":true,"href":"https:\/\/salvadorpalomares.es\/ca\/wp-json\/wp\/v2\/comments?post=1184"}],"version-history":[{"count":10,"href":"https:\/\/salvadorpalomares.es\/ca\/wp-json\/wp\/v2\/pages\/1184\/revisions"}],"predecessor-version":[{"id":1819,"href":"https:\/\/salvadorpalomares.es\/ca\/wp-json\/wp\/v2\/pages\/1184\/revisions\/1819"}],"wp:attachment":[{"href":"https:\/\/salvadorpalomares.es\/ca\/wp-json\/wp\/v2\/media?parent=1184"}],"curies":[{"name":"wp","href":"https:\/\/api.w.org\/{rel}","templated":true}]}}