{"id":1180,"date":"2016-11-22T16:03:49","date_gmt":"2016-11-22T16:03:49","guid":{"rendered":"https:\/\/salvadorpalomares.es\/ca\/?page_id=1180"},"modified":"2017-01-23T12:15:44","modified_gmt":"2017-01-23T12:15:44","slug":"presentacio","status":"publish","type":"page","link":"https:\/\/salvadorpalomares.es\/ca\/presentacio\/","title":{"rendered":"Presentaci\u00f3"},"content":{"rendered":"<p>[et_pb_section admin_label=&#8221;section&#8221; background_image=&#8221;https:\/\/salvadorpalomares.es\/wp-content\/uploads\/2016\/11\/outsourcing-de-recursos-humanos-el-salvador.jpg&#8221; transparent_background=&#8221;off&#8221; allow_player_pause=&#8221;off&#8221; inner_shadow=&#8221;on&#8221; parallax=&#8221;off&#8221; parallax_method=&#8221;on&#8221; custom_padding=&#8221;100px||100px|&#8221; padding_mobile=&#8221;off&#8221; make_fullwidth=&#8221;off&#8221; use_custom_width=&#8221;off&#8221; width_unit=&#8221;off&#8221; custom_width_px=&#8221;1080px&#8221; custom_width_percent=&#8221;80%&#8221; make_equal=&#8221;off&#8221; use_custom_gutter=&#8221;off&#8221; fullwidth=&#8221;on&#8221; specialty=&#8221;off&#8221; disabled=&#8221;off&#8221;][et_pb_fullwidth_slider admin_label=&#8221;Control deslizante de anchura completa&#8221; show_arrows=&#8221;on&#8221; show_pagination=&#8221;on&#8221; auto=&#8221;off&#8221; auto_speed=&#8221;7000&#8243; auto_ignore_hover=&#8221;off&#8221; parallax=&#8221;off&#8221; parallax_method=&#8221;off&#8221; remove_inner_shadow=&#8221;off&#8221; background_position=&#8221;default&#8221; background_size=&#8221;default&#8221; top_padding=&#8221;100px&#8221; bottom_padding=&#8221;100px&#8221; top_padding_tablet=&#8221;60px&#8221; top_padding_phone=&#8221;20px&#8221; bottom_padding_tablet=&#8221;60px&#8221; bottom_padding_phone=&#8221;20px&#8221; hide_content_on_mobile=&#8221;off&#8221; hide_cta_on_mobile=&#8221;off&#8221; show_image_video_mobile=&#8221;off&#8221; custom_button=&#8221;off&#8221; button_text_size=&#8221;20&#8243; button_letter_spacing=&#8221;0&#8243; button_use_icon=&#8221;default&#8221; button_icon_placement=&#8221;right&#8221; button_on_hover=&#8221;on&#8221; button_letter_spacing_hover=&#8221;0&#8243; disabled=&#8221;off&#8221;] [et_pb_slide button_link=&#8221;#&#8221; background_position=&#8221;default&#8221; background_size=&#8221;default&#8221; background_color=&#8221;rgba(255,255,255,0.64)&#8221; use_bg_overlay=&#8221;off&#8221; use_text_overlay=&#8221;off&#8221; alignment=&#8221;center&#8221; background_layout=&#8221;light&#8221; allow_player_pause=&#8221;off&#8221; text_border_radius=&#8221;3&#8243; header_font=&#8221;Open Sans Light||||&#8221; body_font=&#8221;Lato Light||||&#8221; body_font_size=&#8221;35&#8243; body_font_size_tablet=&#8221;25&#8243; body_font_size_phone=&#8221;18&#8243; body_font_size_last_edited=&#8221;on|phone&#8221; custom_button=&#8221;off&#8221; button_font=&#8221;||||&#8221; button_use_icon=&#8221;default&#8221; button_icon_placement=&#8221;right&#8221; button_on_hover=&#8221;on&#8221; disabled=&#8221;off&#8221; inline_fonts=&#8221;Lato,Lato Light&#8221;]<\/p>\n<p>Som una empresa\u00a0<strong>FORMAL<\/strong><\/p>\n<p>[\/et_pb_slide] [\/et_pb_fullwidth_slider][\/et_pb_section][et_pb_section admin_label=&#8221;section&#8221; background_image=&#8221;https:\/\/salvadorpalomares.es\/wp-content\/uploads\/2016\/11\/fondo-ladrillo.jpg&#8221; transparent_background=&#8221;off&#8221; allow_player_pause=&#8221;off&#8221; inner_shadow=&#8221;off&#8221; parallax=&#8221;off&#8221; parallax_method=&#8221;on&#8221; custom_padding=&#8221;54px|0px|54px|0px&#8221; padding_mobile=&#8221;off&#8221; make_fullwidth=&#8221;off&#8221; use_custom_width=&#8221;off&#8221; width_unit=&#8221;off&#8221; custom_width_px=&#8221;1080px&#8221; custom_width_percent=&#8221;80%&#8221; make_equal=&#8221;off&#8221; use_custom_gutter=&#8221;off&#8221; fullwidth=&#8221;off&#8221; specialty=&#8221;off&#8221; disabled=&#8221;off&#8221;][et_pb_row admin_label=&#8221;row&#8221; make_fullwidth=&#8221;off&#8221; use_custom_width=&#8221;off&#8221; width_unit=&#8221;off&#8221; custom_width_px=&#8221;1080px&#8221; custom_width_percent=&#8221;80%&#8221; use_custom_gutter=&#8221;off&#8221; gutter_width=&#8221;3&#8243; custom_padding=&#8221;27px|0px|27px|0px&#8221; padding_mobile=&#8221;off&#8221; allow_player_pause=&#8221;off&#8221; parallax=&#8221;off&#8221; parallax_method=&#8221;on&#8221; make_equal=&#8221;off&#8221; column_padding_mobile=&#8221;on&#8221; parallax_1=&#8221;off&#8221; parallax_method_1=&#8221;on&#8221; parallax_2=&#8221;off&#8221; parallax_method_2=&#8221;on&#8221; parallax_3=&#8221;off&#8221; parallax_method_3=&#8221;on&#8221; parallax_4=&#8221;off&#8221; parallax_method_4=&#8221;on&#8221; disabled=&#8221;off&#8221;][et_pb_column type=&#8221;4_4&#8243;][et_pb_text admin_label=&#8221;Texto&#8221; background_layout=&#8221;light&#8221; text_orientation=&#8221;left&#8221; use_border_color=&#8221;off&#8221; border_style=&#8221;solid&#8221; disabled=&#8221;off&#8221; inline_fonts=&#8221;Lato Light,Lato&#8221; border_color=&#8221;#ffffff&#8221;]<\/p>\n<p style=\"text-align: center;\">Aquesto\u00a0<strong>ESTUDI<\/strong>, dirigit per <strong>Salvador Palomares<\/strong>, titulat per l&#8217;Escola T\u00e8cnica Superior d&#8217;Enginyeria del Disseny de la Universitat Polit\u00e8cnica de Val\u00e8ncia i col\u00b7legiat en el COITIG &#8220;Col\u00b7legi Oficial d&#8217;Enginyers T\u00e8cnics Industrials i de Grau de Val\u00e8ncia&#8221; amb el <strong>N\u00fam. 3586<\/strong>, va obrir les portes el <strong>1980<\/strong> i avui \u00e9s una empresa amb gran experi\u00e8ncia i prestigi dins de la Comunitat Valenciana, que realitza projectes en diverses poblacions.<br \/>\nLes innovacions, la cont\u00ednua formaci\u00f3 i el treball organitzat han donat com a fruit m\u00e9s de <strong>3.000 projectes<\/strong>\u00a0realitzats pel nostre estudi, que t\u00e9 com a activitat principal la de prestar serveis d&#8217;enginyeria.<\/p>\n<p>[\/et_pb_text][\/et_pb_column][\/et_pb_row][\/et_pb_section]<\/p>\n","protected":false},"excerpt":{"rendered":"<p>[et_pb_section admin_label=&#8221;section&#8221; background_image=&#8221;https:\/\/salvadorpalomares.es\/wp-content\/uploads\/2016\/11\/outsourcing-de-recursos-humanos-el-salvador.jpg&#8221; transparent_background=&#8221;off&#8221; allow_player_pause=&#8221;off&#8221; inner_shadow=&#8221;on&#8221; parallax=&#8221;off&#8221; parallax_method=&#8221;on&#8221; custom_padding=&#8221;100px||100px|&#8221; padding_mobile=&#8221;off&#8221; make_fullwidth=&#8221;off&#8221; use_custom_width=&#8221;off&#8221; width_unit=&#8221;off&#8221; custom_width_px=&#8221;1080px&#8221; custom_width_percent=&#8221;80%&#8221; make_equal=&#8221;off&#8221; use_custom_gutter=&#8221;off&#8221; fullwidth=&#8221;on&#8221; specialty=&#8221;off&#8221; disabled=&#8221;off&#8221;][et_pb_fullwidth_slider admin_label=&#8221;Control deslizante de anchura completa&#8221; show_arrows=&#8221;on&#8221; show_pagination=&#8221;on&#8221; auto=&#8221;off&#8221; auto_speed=&#8221;7000&#8243; auto_ignore_hover=&#8221;off&#8221; parallax=&#8221;off&#8221; parallax_method=&#8221;off&#8221; remove_inner_shadow=&#8221;off&#8221; background_position=&#8221;default&#8221; background_size=&#8221;default&#8221; top_padding=&#8221;100px&#8221; bottom_padding=&#8221;100px&#8221; top_padding_tablet=&#8221;60px&#8221; top_padding_phone=&#8221;20px&#8221; bottom_padding_tablet=&#8221;60px&#8221; bottom_padding_phone=&#8221;20px&#8221; hide_content_on_mobile=&#8221;off&#8221; hide_cta_on_mobile=&#8221;off&#8221; show_image_video_mobile=&#8221;off&#8221; custom_button=&#8221;off&#8221; button_text_size=&#8221;20&#8243; button_letter_spacing=&#8221;0&#8243; button_use_icon=&#8221;default&#8221; button_icon_placement=&#8221;right&#8221; button_on_hover=&#8221;on&#8221; button_letter_spacing_hover=&#8221;0&#8243; disabled=&#8221;off&#8221;] [et_pb_slide button_link=&#8221;#&#8221; background_position=&#8221;default&#8221; [&hellip;]<\/p>\n","protected":false},"author":1,"featured_media":0,"parent":0,"menu_order":0,"comment_status":"closed","ping_status":"closed","template":"","meta":{"_et_pb_use_builder":"on","_et_pb_old_content":"<p>[et_pb_section background_image=\"https:\/\/salvadorpalomares.es\/wp-content\/uploads\/2016\/11\/outsourcing-de-recursos-humanos-el-salvador.jpg\" transparent_background=\"off\" allow_player_pause=\"off\" inner_shadow=\"on\" parallax=\"off\" parallax_method=\"on\" custom_padding=\"100px||100px|\" padding_mobile=\"off\" make_fullwidth=\"off\" use_custom_width=\"off\" width_unit=\"off\" custom_width_px=\"1080px\" custom_width_percent=\"80%\" make_equal=\"off\" use_custom_gutter=\"off\" fullwidth=\"on\" specialty=\"off\" admin_label=\"section\" disabled=\"off\"][et_pb_fullwidth_slider show_arrows=\"on\" show_pagination=\"on\" auto=\"off\" auto_speed=\"7000\" auto_ignore_hover=\"off\" parallax=\"off\" parallax_method=\"off\" remove_inner_shadow=\"off\" background_position=\"default\" background_size=\"default\" top_padding=\"100px\" bottom_padding=\"100px\" top_padding_tablet=\"60px\" top_padding_phone=\"20px\" bottom_padding_tablet=\"60px\" bottom_padding_phone=\"20px\" hide_content_on_mobile=\"off\" hide_cta_on_mobile=\"off\" show_image_video_mobile=\"off\" admin_label=\"Control deslizante de anchura completa\" custom_button=\"off\" button_text_size=\"20\" button_letter_spacing=\"0\" button_use_icon=\"default\" button_icon_placement=\"right\" button_on_hover=\"on\" button_letter_spacing_hover=\"0\" disabled=\"off\"][et_pb_slide button_link=\"#\" background_position=\"default\" background_size=\"default\" background_color=\"rgba(255,255,255,0.64)\" use_bg_overlay=\"off\" use_text_overlay=\"off\" alignment=\"center\" background_layout=\"light\" allow_player_pause=\"off\" text_border_radius=\"3\" header_font=\"Open Sans Light||||\" body_font=\"||||\" custom_button=\"off\" button_font=\"||||\" button_use_icon=\"default\" button_icon_placement=\"right\" button_on_hover=\"on\" disabled=\"off\" inline_fonts=\"Lato,Lato Light\"]<\/p><p><span style=\"font-size: xx-large; font-weight: 300; font-family: Lato;\">Somos una empresa \u00a0<\/span><span style=\"font-family: Lato; font-size: 32px;\"><b><i>SERIA<\/i><\/b><\/span><\/p><p>[\/et_pb_slide][\/et_pb_fullwidth_slider][\/et_pb_section][et_pb_section background_image=\"https:\/\/salvadorpalomares.es\/wp-content\/uploads\/2016\/11\/fondo-ladrillo.jpg\" transparent_background=\"off\" allow_player_pause=\"off\" inner_shadow=\"off\" parallax=\"off\" parallax_method=\"on\" custom_padding=\"54px|0px|54px|0px\" padding_mobile=\"off\" make_fullwidth=\"off\" use_custom_width=\"off\" width_unit=\"off\" custom_width_px=\"1080px\" custom_width_percent=\"80%\" make_equal=\"off\" use_custom_gutter=\"off\" fullwidth=\"off\" specialty=\"off\" admin_label=\"section\" disabled=\"off\"][et_pb_row make_fullwidth=\"off\" use_custom_width=\"off\" width_unit=\"off\" custom_width_px=\"1080px\" custom_width_percent=\"80%\" use_custom_gutter=\"off\" gutter_width=\"3\" custom_padding=\"27px|0px|27px|0px\" padding_mobile=\"off\" allow_player_pause=\"off\" parallax=\"off\" parallax_method=\"on\" make_equal=\"off\" column_padding_mobile=\"on\" parallax_1=\"off\" parallax_method_1=\"on\" parallax_2=\"off\" parallax_method_2=\"on\" parallax_3=\"off\" parallax_method_3=\"on\" parallax_4=\"off\" parallax_method_4=\"on\" admin_label=\"row\" disabled=\"off\"][et_pb_column type=\"4_4\" disabled=\"off\" parallax=\"off\" parallax_method=\"on\" column_padding_mobile=\"on\"][et_pb_text background_layout=\"light\" text_orientation=\"left\" admin_label=\"Texto\" use_border_color=\"off\" border_style=\"solid\" disabled=\"off\" inline_fonts=\"Lato Light,Lato\"]<\/p><p style=\"text-align: center;\"><span style=\"font-weight: normal; font-size: medium; font-family: Lato;\">Este ESTUDIO, dirigido por <strong>Salvador Palomares<\/strong>, titulado por la Escuela T\u00e9cnica Superior de Ingenier\u00eda del Dise\u00f1o de la Universidad Polit\u00e9cnica de Valencia y colegiado en el COITIG \"Colegio Oficial de Ingenieros T\u00e9cnicos Industriales y de Grado de Valencia\" con el <strong>N\u00fam. 3586<\/strong>, abri\u00f3 sus puertas en\u00a0<strong>1980<\/strong> y hoy es una empresa con gran experiencia y prestigio dentro de la Comunidad Valenciana, que realiza proyectos en diversas poblaciones.<\/span><br \/><span style=\"font-weight: normal; font-size: medium; font-family: Lato;\">Las innovaciones, la continua formaci\u00f3n y el trabajo organizado han dado como fruto la realizaci\u00f3n de m\u00e1s de <strong>3.000 proyectos<\/strong> por parte de nuestro estudio, que tiene como actividad principal la de prestar <strong>Servicios de\u00a0Ingenier\u00eda<\/strong>.<\/span><\/p><p>[\/et_pb_text][\/et_pb_column][\/et_pb_row][\/et_pb_section]<\/p><p>\u00a0<\/p>","_et_gb_content_width":""},"_links":{"self":[{"href":"https:\/\/salvadorpalomares.es\/ca\/wp-json\/wp\/v2\/pages\/1180"}],"collection":[{"href":"https:\/\/salvadorpalomares.es\/ca\/wp-json\/wp\/v2\/pages"}],"about":[{"href":"https:\/\/salvadorpalomares.es\/ca\/wp-json\/wp\/v2\/types\/page"}],"author":[{"embeddable":true,"href":"https:\/\/salvadorpalomares.es\/ca\/wp-json\/wp\/v2\/users\/1"}],"replies":[{"embeddable":true,"href":"https:\/\/salvadorpalomares.es\/ca\/wp-json\/wp\/v2\/comments?post=1180"}],"version-history":[{"count":12,"href":"https:\/\/salvadorpalomares.es\/ca\/wp-json\/wp\/v2\/pages\/1180\/revisions"}],"predecessor-version":[{"id":1634,"href":"https:\/\/salvadorpalomares.es\/ca\/wp-json\/wp\/v2\/pages\/1180\/revisions\/1634"}],"wp:attachment":[{"href":"https:\/\/salvadorpalomares.es\/ca\/wp-json\/wp\/v2\/media?parent=1180"}],"curies":[{"name":"wp","href":"https:\/\/api.w.org\/{rel}","templated":true}]}}